{"id":13,"date":"2022-05-10T16:00:25","date_gmt":"2022-05-10T16:00:25","guid":{"rendered":"https:\/\/haraldflechtner.de\/?page_id=13"},"modified":"2025-03-10T11:23:20","modified_gmt":"2025-03-10T11:23:20","slug":"impressum","status":"publish","type":"page","link":"https:\/\/haraldflechtner.de\/?page_id=13","title":{"rendered":"Impressum"},"content":{"rendered":"\n<p>Verantwortlich f\u00fcr den Inhalt dieser Seite:<\/p>\n\n\n\n<p>Harald Flechtner<\/p>\n\n\n\n<p>Auf der Kaiten 9<\/p>\n\n\n\n<p>32602 Vlotho<\/p>\n\n\n\n<p>E-Mail: harald (at) haraldflechtner.de<\/p>\n\n\n\n<p>Urheberrechtsbestimmungen:<\/p>\n\n\n\n<p>S\u00e4mtliche Bilder, Grafiken und Design-Elemente dieser Website sind urheberrechtlich gesch\u00fctzt und d\u00fcrfen weder ganz noch teilweise ohne vorherige schriftliche Genehmigung des Urhebers kopiert, ver\u00e4ndert, vervielf\u00e4ltigt oder ver\u00f6ffentlicht werden. \u00a9 Copyright Harald Flechtner<\/p>\n\n\n\n<p>Haftungshinweis:<\/p>\n\n\n\n<p>Ich m\u00f6chte darauf hinweisen und deutlich betonen, dass ich keinerlei Einfluss auf die Gestaltung und Inhalte der verlinkten Websites habe. Deshalb distanziere ich mich hiermit ausdr\u00fccklich von den Inhalten aller verlinkten Seiten auf meiner Website oder meinem Blog.<\/p>\n\n\n\n<p>Copyright \u00a9 2025 Harald Flechtner.<\/p>\n","protected":false},"excerpt":{"rendered":"<p>Verantwortlich f\u00fcr den Inhalt dieser Seite: Harald Flechtner Auf der Kaiten 9 32602 Vlotho E-Mail: harald (at) haraldflechtner.de Urheberrechtsbestimmungen: S\u00e4mtliche Bilder, Grafiken und Design-Elemente dieser Website sind urheberrechtlich gesch\u00fctzt und d\u00fcrfen weder ganz noch teilweise ohne vorherige schriftliche Genehmigung des Urhebers kopiert, ver\u00e4ndert, vervielf\u00e4ltigt oder ver\u00f6ffentlicht werden. \u00a9 Copyright Harald Flechtner Haftungshinweis: Ich m\u00f6chte darauf&#8230;<\/p>\n","protected":false},"author":1,"featured_media":0,"parent":0,"menu_order":0,"comment_status":"closed","ping_status":"closed","template":"","meta":{"_kadence_starter_templates_imported_post":false,"_kad_post_transparent":"","_kad_post_title":"","_kad_post_layout":"","_kad_post_sidebar_id":"","_kad_post_content_style":"","_kad_post_vertical_padding":"","_kad_post_feature":"","_kad_post_feature_position":"","_kad_post_header":false,"_kad_post_footer":false,"_kad_post_classname":"","footnotes":""},"class_list":["post-13","page","type-page","status-publish","hentry"],"jetpack_sharing_enabled":true,"_links":{"self":[{"href":"https:\/\/haraldflechtner.de\/index.php?rest_route=\/wp\/v2\/pages\/13","targetHints":{"allow":["GET"]}}],"collection":[{"href":"https:\/\/haraldflechtner.de\/index.php?rest_route=\/wp\/v2\/pages"}],"about":[{"href":"https:\/\/haraldflechtner.de\/index.php?rest_route=\/wp\/v2\/types\/page"}],"author":[{"embeddable":true,"href":"https:\/\/haraldflechtner.de\/index.php?rest_route=\/wp\/v2\/users\/1"}],"replies":[{"embeddable":true,"href":"https:\/\/haraldflechtner.de\/index.php?rest_route=%2Fwp%2Fv2%2Fcomments&post=13"}],"version-history":[{"count":2,"href":"https:\/\/haraldflechtner.de\/index.php?rest_route=\/wp\/v2\/pages\/13\/revisions"}],"predecessor-version":[{"id":88,"href":"https:\/\/haraldflechtner.de\/index.php?rest_route=\/wp\/v2\/pages\/13\/revisions\/88"}],"wp:attachment":[{"href":"https:\/\/haraldflechtner.de\/index.php?rest_route=%2Fwp%2Fv2%2Fmedia&parent=13"}],"curies":[{"name":"wp","href":"https:\/\/api.w.org\/{rel}","templated":true}]}}